{"id":25,"date":"2025-12-20T15:32:13","date_gmt":"2025-12-20T15:32:13","guid":{"rendered":"https:\/\/fundacionbethelchane.org\/?page_id=25"},"modified":"2026-01-28T10:02:08","modified_gmt":"2026-01-28T10:02:08","slug":"contactos","status":"publish","type":"page","link":"https:\/\/fundacionbethelchane.org\/?page_id=25","title":{"rendered":"Contactos"},"content":{"rendered":"\n<div class=\"wp-block-columns is-layout-flex wp-container-core-columns-is-layout-9d6595d7 wp-block-columns-is-layout-flex\">\n<div class=\"wp-block-column is-layout-flow wp-block-column-is-layout-flow\" style=\"flex-basis:66.66%\"><div class=\"wpforms-container wpforms-container-full wpforms-block wpforms-block-2c6abf0a-58eb-4dd3-bd4c-00358e1df04c wpforms-render-modern\" id=\"wpforms-42\"><form id=\"wpforms-form-42\" class=\"wpforms-validate wpforms-form wpforms-ajax-form\" data-formid=\"42\" method=\"post\" enctype=\"multipart\/form-data\" action=\"\/index.php?rest_route=%2Fwp%2Fv2%2Fpages%2F25\" data-token=\"f7659c79dcade22be8513b53e3ac9829\" data-token-time=\"1776682160\"><noscript class=\"wpforms-error-noscript\">Por favor, activa JavaScript en tu navegador para completar este formulario.<\/noscript><div class=\"wpforms-hidden\" id=\"wpforms-error-noscript\">Por favor, activa JavaScript en tu navegador para completar este formulario.<\/div><div class=\"wpforms-field-container\"><div id=\"wpforms-42-field_1-container\" class=\"wpforms-field wpforms-field-name\" data-field-id=\"1\"><fieldset><legend class=\"wpforms-field-label\">Nombre <span class=\"wpforms-required-label\" aria-hidden=\"true\">*<\/span><\/legend><div class=\"wpforms-field-row wpforms-field-medium\"><div class=\"wpforms-field-row-block wpforms-first wpforms-one-half\"><input type=\"text\" id=\"wpforms-42-field_1\" class=\"wpforms-field-name-first wpforms-field-required\" name=\"wpforms[fields][1][first]\" aria-errormessage=\"wpforms-42-field_1-error\" required><label for=\"wpforms-42-field_1\" class=\"wpforms-field-sublabel after\">Nombre<\/label><\/div><div class=\"wpforms-field-row-block wpforms-one-half\"><input type=\"text\" id=\"wpforms-42-field_1-last\" class=\"wpforms-field-name-last wpforms-field-required\" name=\"wpforms[fields][1][last]\" aria-errormessage=\"wpforms-42-field_1-last-error\" required><label for=\"wpforms-42-field_1-last\" class=\"wpforms-field-sublabel after\">Apellidos<\/label><\/div><\/div><\/fieldset><\/div><div id=\"wpforms-42-field_4-container\" class=\"wpforms-field wpforms-field-phone\" data-field-id=\"4\"><label class=\"wpforms-field-label\" for=\"wpforms-42-field_4\">Tel\u00e9fono<\/label><input type=\"tel\" id=\"wpforms-42-field_4\" class=\"wpforms-field-medium wpforms-smart-phone-field\" data-rule-smart-phone-field=\"true\" name=\"wpforms[fields][4]\" aria-label=\"Tel\u00e9fono\" aria-errormessage=\"wpforms-42-field_4-error\" ><\/div><div id=\"wpforms-42-field_2-container\" class=\"wpforms-field wpforms-field-email\" data-field-id=\"2\"><label class=\"wpforms-field-label\" for=\"wpforms-42-field_2\">Correo electr\u00f3nico <span class=\"wpforms-required-label\" aria-hidden=\"true\">*<\/span><\/label><input type=\"email\" id=\"wpforms-42-field_2\" class=\"wpforms-field-medium wpforms-field-required\" name=\"wpforms[fields][2]\" spellcheck=\"false\" aria-errormessage=\"wpforms-42-field_2-error\" required><\/div><div id=\"wpforms-42-field_3-container\" class=\"wpforms-field wpforms-field-textarea\" data-field-id=\"3\"><label class=\"wpforms-field-label\" for=\"wpforms-42-field_3\">Mensaje<\/label><textarea id=\"wpforms-42-field_3\" class=\"wpforms-field-medium\" name=\"wpforms[fields][3]\" aria-errormessage=\"wpforms-42-field_3-error\" ><\/textarea><\/div><\/div><!-- .wpforms-field-container --><div class=\"wpforms-submit-container\" ><input type=\"hidden\" name=\"wpforms[id]\" value=\"42\"><input type=\"hidden\" name=\"page_title\" value=\"\"><input type=\"hidden\" name=\"page_url\" value=\"https:\/\/fundacionbethelchane.org\/index.php?rest_route=\/wp\/v2\/pages\/25\"><input type=\"hidden\" name=\"url_referer\" value=\"\"><button type=\"submit\" name=\"wpforms[submit]\" id=\"wpforms-submit-42\" class=\"wpforms-submit\" data-alt-text=\"Enviando...\" data-submit-text=\"Enviar\" aria-live=\"assertive\" value=\"wpforms-submit\">Enviar<\/button><img loading=\"lazy\" decoding=\"async\" src=\"https:\/\/fundacionbethelchane.org\/wp-content\/plugins\/wpforms\/assets\/images\/submit-spin.svg\" class=\"wpforms-submit-spinner\" style=\"display: none;\" width=\"26\" height=\"26\" alt=\"Cargando\"><\/div><\/form><\/div>  <!-- .wpforms-container --><\/div>\n\n\n\n<div class=\"wp-block-column is-layout-flow wp-block-column-is-layout-flow\" style=\"flex-basis:33.33%\"><form role=\"search\" method=\"get\" action=\"https:\/\/fundacionbethelchane.org\/\" class=\"wp-block-search__button-outside wp-block-search__text-button wp-block-search\"    ><label class=\"wp-block-search__label\" for=\"wp-block-search__input-1\" >Buscar<\/label><div class=\"wp-block-search__inside-wrapper\" ><input class=\"wp-block-search__input\" id=\"wp-block-search__input-1\" placeholder=\"\" value=\"\" type=\"search\" name=\"s\" required \/><button aria-label=\"Buscar\" class=\"wp-block-search__button wp-element-button\" type=\"submit\" >Buscar<\/button><\/div><\/form>\n\n\n<hr class=\"wp-block-separator has-alpha-channel-opacity\"\/>\n\n\n\n<div class=\"bethel-donation-widget\">\n  <div class=\"bethel-logo-container\">\n    <img decoding=\"async\" src=\"https:\/\/fundacionbethelchane.org\/wp-content\/uploads\/2026\/01\/logo-vertical-150.webp\" \n         alt=\"Logo Fundaci\u00f3n Bethel Chan\u00e9\" \n         class=\"bethel-logo\">\n  <\/div>\n  \n  <div class=\"bethel-content\">\n    <h3 class=\"bethel-title\">Apoya Nuestra Misi\u00f3n<\/h3>\n    <p class=\"bethel-description\">Tu donaci\u00f3n transforma vidas y construye un futuro mejor para la comunidad Chan\u00e9. Cada contribuci\u00f3n, grande o peque\u00f1a, hace la diferencia.<\/p>\n    \n    <div class=\"bethel-impact\">\n      <div class=\"impact-item\">\n        <span class=\"impact-icon\">\u2764\ufe0f<\/span>\n        <span class=\"impact-text\">Ayuda a familias<\/span>\n      <\/div>\n      <div class=\"impact-item\">\n        <span class=\"impact-icon\">\ud83c\udfe5<\/span>\n        <span class=\"impact-text\">Apoya programas sociales<\/span>\n      <\/div>\n      <div class=\"impact-item\">\n        <span class=\"impact-icon\">\ud83d\udcda<\/span>\n        <span class=\"impact-text\">Financia educaci\u00f3n<\/span>\n      <\/div>\n    <\/div>\n    \n    <a href=\"https:\/\/fundacionbethelchane.org\/?page_id=55\" \n       class=\"bethel-donate-btn\">\n      <span class=\"btn-text\">DONAR AHORA<\/span>\n      <span class=\"btn-icon\">\ud83d\udc99<\/span>\n    <\/a>\n    \n    <p class=\"bethel-footer\">Tu generosidad nos permite continuar con nuestro trabajo. \u00a1Gracias por tu apoyo!<\/p>\n  <\/div>\n<\/div>\n\n<style>\n.bethel-donation-widget {\n  background: linear-gradient(to bottom, #ffffff 0%, #f8fbff 15%, #e6f2ff 30%, #b3d9ff 60%, #4da6ff 85%, #1a75ff 100%);\n  border-radius: 16px;\n  padding: 25px;\n  color: #333;\n  font-family: 'Segoe UI', Tahoma, Geneva, Verdana, sans-serif;\n  box-shadow: 0 10px 30px rgba(26, 117, 255, 0.2);\n  border: 1px solid rgba(26, 117, 255, 0.2);\n  max-width: 380px;\n  margin: 0 auto;\n  transition: all 0.4s ease;\n  position: relative;\n  overflow: hidden;\n}\n\n\/* Efecto sutil de profundidad *\/\n.bethel-donation-widget::before {\n  content: '';\n  position: absolute;\n  top: 0;\n  left: 0;\n  right: 0;\n  height: 40%;\n  background: linear-gradient(to bottom, rgba(255, 255, 255, 0.9), transparent);\n  z-index: 0;\n  pointer-events: none;\n  border-radius: 16px 16px 0 0;\n}\n\n.bethel-donation-widget:hover {\n  transform: translateY(-5px);\n  box-shadow: 0 15px 40px rgba(26, 117, 255, 0.3);\n}\n\n.bethel-logo-container {\n  text-align: center;\n  margin-bottom: 20px;\n  position: relative;\n  z-index: 1;\n}\n\n.bethel-logo {\n  max-width: 180px;\n  height: auto;\n  filter: drop-shadow(0 4px 8px rgba(0, 0, 0, 0.1));\n}\n\n.bethel-content {\n  text-align: center;\n  position: relative;\n  z-index: 1;\n}\n\n.bethel-title {\n  font-size: 24px;\n  margin-bottom: 15px;\n  color: #1a5276;\n  background: linear-gradient(to right, #1a5276, #2e86c1);\n  -webkit-background-clip: text;\n  -webkit-text-fill-color: transparent;\n  background-clip: text;\n  text-shadow: 0 2px 4px rgba(255, 255, 255, 0.5);\n}\n\n.bethel-description {\n  font-size: 15px;\n  line-height: 1.6;\n  margin-bottom: 20px;\n  color: #2c3e50;\n  background-color: rgba(255, 255, 255, 0.85);\n  padding: 14px;\n  border-radius: 12px;\n  border-left: 4px solid #1a75ff;\n  box-shadow: 0 5px 15px rgba(0, 0, 0, 0.05);\n  backdrop-filter: blur(5px);\n}\n\n.bethel-impact {\n  display: flex;\n  justify-content: space-around;\n  margin: 25px 0;\n  padding: 18px 0;\n  background-color: rgba(255, 255, 255, 0.8);\n  border-radius: 12px;\n  box-shadow: 0 4px 12px rgba(0, 0, 0, 0.06);\n  position: relative;\n  z-index: 1;\n  backdrop-filter: blur(5px);\n  border: 1px solid rgba(255, 255, 255, 0.7);\n}\n\n.impact-item {\n  display: flex;\n  flex-direction: column;\n  align-items: center;\n  gap: 10px;\n}\n\n.impact-icon {\n  font-size: 24px;\n  filter: drop-shadow(0 2px 4px rgba(0, 0, 0, 0.1));\n}\n\n.impact-text {\n  font-size: 13px;\n  color: #1a5276;\n  font-weight: 600;\n  text-shadow: 0 1px 1px rgba(255, 255, 255, 0.8);\n}\n\n.bethel-donate-btn {\n  display: inline-flex;\n  align-items: center;\n  justify-content: center;\n  gap: 12px;\n  background: linear-gradient(to right, #e74c3c, #f39c12);\n  color: white;\n  text-decoration: none;\n  padding: 18px 36px;\n  border-radius: 50px;\n  font-weight: bold;\n  font-size: 18px;\n  margin: 25px 0 20px;\n  transition: all 0.3s ease;\n  box-shadow: 0 8px 20px rgba(231, 76, 60, 0.4);\n  border: none;\n  cursor: pointer;\n  width: 90%;\n  max-width: 300px;\n  position: relative;\n  z-index: 2;\n  overflow: hidden;\n  letter-spacing: 0.5px;\n}\n\n.bethel-donate-btn::before {\n  content: '';\n  position: absolute;\n  top: 0;\n  left: -100%;\n  width: 100%;\n  height: 100%;\n  background: linear-gradient(90deg, transparent, rgba(255, 255, 255, 0.4), transparent);\n  transition: left 0.7s ease;\n}\n\n.bethel-donate-btn:hover {\n  transform: scale(1.05) translateY(-2px);\n  box-shadow: 0 12px 25px rgba(231, 76, 60, 0.6);\n  background: linear-gradient(to right, #f39c12, #e74c3c);\n}\n\n.bethel-donate-btn:hover::before {\n  left: 100%;\n}\n\n.btn-text {\n  letter-spacing: 1px;\n  text-shadow: 0 1px 3px rgba(0, 0, 0, 0.3);\n}\n\n.bethel-footer {\n  font-size: 14px;\n  color: #2c3e50;\n  margin-top: 15px;\n  font-style: italic;\n  background: linear-gradient(to right, rgba(255, 255, 255, 0.8), rgba(255, 255, 255, 0.9));\n  padding: 10px 14px;\n  border-radius: 10px;\n  border-right: 3px solid rgba(26, 117, 255, 0.5);\n  text-shadow: 0 1px 1px rgba(255, 255, 255, 0.8);\n  backdrop-filter: blur(5px);\n}\n\n\/* Animaci\u00f3n sutil para el fondo *\/\n@keyframes softShift {\n  0% { background-position: 0% 0%; }\n  50% { background-position: 0% 1%; }\n  100% { background-position: 0% 0%; }\n}\n\n.bethel-donation-widget {\n  background-size: 100% 200%;\n  animation: softShift 20s ease infinite;\n}\n\n\/* Efecto de pulso para el bot\u00f3n *\/\n@keyframes gentlePulse {\n  0% { \n    box-shadow: 0 8px 20px rgba(231, 76, 60, 0.4);\n    transform: scale(1);\n  }\n  50% { \n    box-shadow: 0 8px 25px rgba(231, 76, 60, 0.7);\n    transform: scale(1.02);\n  }\n  100% { \n    box-shadow: 0 8px 20px rgba(231, 76, 60, 0.4);\n    transform: scale(1);\n  }\n}\n\n.bethel-donate-btn {\n  animation: gentlePulse 5s infinite ease-in-out;\n}\n\n\/* Responsive *\/\n@media (max-width: 480px) {\n  .bethel-donation-widget {\n    padding: 20px 18px;\n    max-width: 100%;\n    margin: 0 10px;\n    background: linear-gradient(to bottom, #ffffff 0%, #f0f7ff 20%, #cce0ff 50%, #66b3ff 80%, #1a75ff 100%);\n  }\n  \n  .bethel-impact {\n    flex-direction: column;\n    gap: 18px;\n    padding: 15px;\n  }\n  \n  .bethel-donate-btn {\n    padding: 16px 28px;\n    font-size: 17px;\n    max-width: 100%;\n  }\n  \n  .bethel-title {\n    font-size: 22px;\n  }\n  \n  .bethel-description {\n    font-size: 14.5px;\n    padding: 12px;\n  }\n}\n\n\/* Para pantallas grandes, ajuste del degradado *\/\n@media (min-width: 1200px) {\n  .bethel-donation-widget {\n    background: linear-gradient(to bottom, #ffffff 0%, #f5faff 10%, #d9ebff 25%, #99ccff 65%, #3385ff 90%, #1a75ff 100%);\n  }\n}\n<\/style>\n\n<script>\ndocument.addEventListener('DOMContentLoaded', function() {\n  const donateBtn = document.querySelector('.bethel-donate-btn');\n  const widget = document.querySelector('.bethel-donation-widget');\n  \n  if(donateBtn && widget) {\n    \/\/ Efecto de \u00e9nfasis inicial\n    setTimeout(function() {\n      donateBtn.style.animation = 'none';\n      setTimeout(function() {\n        donateBtn.style.animation = 'gentlePulse 5s infinite ease-in-out';\n        donateBtn.style.transform = 'scale(1.03)';\n        setTimeout(function() {\n          donateBtn.style.transform = 'scale(1)';\n        }, 300);\n      }, 50);\n    }, 1500);\n    \n    \/\/ Mejorar el efecto hover del widget\n    widget.addEventListener('mouseenter', function() {\n      this.style.transform = 'translateY(-5px) scale(1.005)';\n      this.style.boxShadow = '0 18px 45px rgba(26, 117, 255, 0.25)';\n    });\n    \n    widget.addEventListener('mouseleave', function() {\n      this.style.transform = 'translateY(0) scale(1)';\n      this.style.boxShadow = '0 10px 30px rgba(26, 117, 255, 0.2)';\n    });\n    \n    \/\/ Efecto de clic en el bot\u00f3n\n    donateBtn.addEventListener('click', function(e) {\n      \/\/ Efecto visual de clic\n      this.style.transform = 'scale(0.98)';\n      setTimeout(() => {\n        this.style.transform = 'scale(1.05) translateY(-2px)';\n      }, 150);\n      \n      \/\/ Opcional: seguimiento de analytics\n      if(typeof gtag !== 'undefined') {\n        gtag('event', 'click', {\n          'event_category': 'Donation',\n          'event_label': 'Bethel Donation Widget - Gradual Gradient'\n        });\n      }\n    });\n  }\n  \n  \/\/ Efecto sutil de movimiento de fondo en scroll\n  window.addEventListener('scroll', function() {\n    if(widget && isElementInViewport(widget)) {\n      const scrollPercent = (window.scrollY \/ document.documentElement.scrollHeight) * 100;\n      widget.style.backgroundPosition = `0% ${scrollPercent * 0.1}%`;\n    }\n  });\n  \n  \/\/ Funci\u00f3n para verificar si el elemento est\u00e1 visible\n  function isElementInViewport(el) {\n    const rect = el.getBoundingClientRect();\n    return (\n      rect.top >= 0 &&\n      rect.left >= 0 &&\n      rect.bottom <= (window.innerHeight || document.documentElement.clientHeight) &#038;&#038;\n      rect.right <= (window.innerWidth || document.documentElement.clientWidth)\n    );\n  }\n});\n<\/script>\n<\/div>\n<\/div>\n","protected":false},"excerpt":{"rendered":"<p>Apoya Nuestra Misi\u00f3n Tu donaci\u00f3n transforma vidas y construye un futuro mejor para la comunidad Chan\u00e9. Cada contribuci\u00f3n, grande o peque\u00f1a, hace la diferencia. \u2764\ufe0f Ayuda a familias \ud83c\udfe5 Apoya programas sociales \ud83d\udcda Financia educaci\u00f3n DONAR AHORA \ud83d\udc99 Tu generosidad nos permite continuar con nuestro trabajo. \u00a1Gracias por tu apoyo!<\/p>\n","protected":false},"author":1,"featured_media":0,"parent":0,"menu_order":0,"comment_status":"closed","ping_status":"closed","template":"","meta":{"give_campaign_id":0,"footnotes":""},"class_list":["post-25","page","type-page","status-publish","hentry"],"yoast_head":"<!-- This site is optimized with the Yoast SEO plugin v27.1.1 - https:\/\/yoast.com\/product\/yoast-seo-wordpress\/ -->\n<title>Contactos - Fundaci\u00f3n Bethel Chane<\/title>\n<meta name=\"robots\" content=\"index, follow, max-snippet:-1, max-image-preview:large, max-video-preview:-1\" \/>\n<link rel=\"canonical\" href=\"https:\/\/fundacionbethelchane.org\/?page_id=25\" \/>\n<meta property=\"og:locale\" content=\"es_ES\" \/>\n<meta property=\"og:type\" content=\"article\" \/>\n<meta property=\"og:title\" content=\"Contactos - Fundaci\u00f3n Bethel Chane\" \/>\n<meta property=\"og:description\" content=\"Apoya Nuestra Misi\u00f3n Tu donaci\u00f3n transforma vidas y construye un futuro mejor para la comunidad Chan\u00e9. Cada contribuci\u00f3n, grande o peque\u00f1a, hace la diferencia. \u2764\ufe0f Ayuda a familias \ud83c\udfe5 Apoya programas sociales \ud83d\udcda Financia educaci\u00f3n DONAR AHORA \ud83d\udc99 Tu generosidad nos permite continuar con nuestro trabajo. \u00a1Gracias por tu apoyo!\" \/>\n<meta property=\"og:url\" content=\"https:\/\/fundacionbethelchane.org\/?page_id=25\" \/>\n<meta property=\"og:site_name\" content=\"Fundaci\u00f3n Bethel Chane\" \/>\n<meta property=\"article:publisher\" content=\"https:\/\/www.facebook.com\/profile.php?id=61578095206869\" \/>\n<meta property=\"article:modified_time\" content=\"2026-01-28T10:02:08+00:00\" \/>\n<meta property=\"og:image\" content=\"https:\/\/fundacionbethelchane.org\/wp-content\/uploads\/2026\/01\/logo-vertical-150.webp\" \/>\n<meta name=\"twitter:card\" content=\"summary_large_image\" \/>\n<script type=\"application\/ld+json\" class=\"yoast-schema-graph\">{\"@context\":\"https:\/\/schema.org\",\"@graph\":[{\"@type\":\"WebPage\",\"@id\":\"https:\/\/fundacionbethelchane.org\/?page_id=25\",\"url\":\"https:\/\/fundacionbethelchane.org\/?page_id=25\",\"name\":\"Contactos - Fundaci\u00f3n Bethel Chane\",\"isPartOf\":{\"@id\":\"https:\/\/fundacionbethelchane.org\/#website\"},\"primaryImageOfPage\":{\"@id\":\"https:\/\/fundacionbethelchane.org\/?page_id=25#primaryimage\"},\"image\":{\"@id\":\"https:\/\/fundacionbethelchane.org\/?page_id=25#primaryimage\"},\"thumbnailUrl\":\"https:\/\/fundacionbethelchane.org\/wp-content\/uploads\/2026\/01\/logo-vertical-150.webp\",\"datePublished\":\"2025-12-20T15:32:13+00:00\",\"dateModified\":\"2026-01-28T10:02:08+00:00\",\"breadcrumb\":{\"@id\":\"https:\/\/fundacionbethelchane.org\/?page_id=25#breadcrumb\"},\"inLanguage\":\"es\",\"potentialAction\":[{\"@type\":\"ReadAction\",\"target\":[\"https:\/\/fundacionbethelchane.org\/?page_id=25\"]}]},{\"@type\":\"ImageObject\",\"inLanguage\":\"es\",\"@id\":\"https:\/\/fundacionbethelchane.org\/?page_id=25#primaryimage\",\"url\":\"https:\/\/fundacionbethelchane.org\/wp-content\/uploads\/2026\/01\/logo-vertical-150.webp\",\"contentUrl\":\"https:\/\/fundacionbethelchane.org\/wp-content\/uploads\/2026\/01\/logo-vertical-150.webp\",\"width\":150,\"height\":150},{\"@type\":\"BreadcrumbList\",\"@id\":\"https:\/\/fundacionbethelchane.org\/?page_id=25#breadcrumb\",\"itemListElement\":[{\"@type\":\"ListItem\",\"position\":1,\"name\":\"Portada\",\"item\":\"https:\/\/fundacionbethelchane.org\/\"},{\"@type\":\"ListItem\",\"position\":2,\"name\":\"Contactos\"}]},{\"@type\":\"WebSite\",\"@id\":\"https:\/\/fundacionbethelchane.org\/#website\",\"url\":\"https:\/\/fundacionbethelchane.org\/\",\"name\":\"Fundaci\u00f3n Bethel Chane\",\"description\":\"Transformando vidas\",\"publisher\":{\"@id\":\"https:\/\/fundacionbethelchane.org\/#organization\"},\"potentialAction\":[{\"@type\":\"SearchAction\",\"target\":{\"@type\":\"EntryPoint\",\"urlTemplate\":\"https:\/\/fundacionbethelchane.org\/?s={search_term_string}\"},\"query-input\":{\"@type\":\"PropertyValueSpecification\",\"valueRequired\":true,\"valueName\":\"search_term_string\"}}],\"inLanguage\":\"es\"},{\"@type\":\"Organization\",\"@id\":\"https:\/\/fundacionbethelchane.org\/#organization\",\"name\":\"Fundaci\u00f3n Bethel Chane\",\"url\":\"https:\/\/fundacionbethelchane.org\/\",\"logo\":{\"@type\":\"ImageObject\",\"inLanguage\":\"es\",\"@id\":\"https:\/\/fundacionbethelchane.org\/#\/schema\/logo\/image\/\",\"url\":\"https:\/\/fundacionbethelchane.org\/wp-content\/uploads\/2025\/12\/Proyecto-nuevo-30-1.webp\",\"contentUrl\":\"https:\/\/fundacionbethelchane.org\/wp-content\/uploads\/2025\/12\/Proyecto-nuevo-30-1.webp\",\"width\":340,\"height\":362,\"caption\":\"Fundaci\u00f3n Bethel Chane\"},\"image\":{\"@id\":\"https:\/\/fundacionbethelchane.org\/#\/schema\/logo\/image\/\"},\"sameAs\":[\"https:\/\/www.facebook.com\/profile.php?id=61578095206869\"]}]}<\/script>\n<!-- \/ Yoast SEO plugin. -->","yoast_head_json":{"title":"Contactos - Fundaci\u00f3n Bethel Chane","robots":{"index":"index","follow":"follow","max-snippet":"max-snippet:-1","max-image-preview":"max-image-preview:large","max-video-preview":"max-video-preview:-1"},"canonical":"https:\/\/fundacionbethelchane.org\/?page_id=25","og_locale":"es_ES","og_type":"article","og_title":"Contactos - Fundaci\u00f3n Bethel Chane","og_description":"Apoya Nuestra Misi\u00f3n Tu donaci\u00f3n transforma vidas y construye un futuro mejor para la comunidad Chan\u00e9. Cada contribuci\u00f3n, grande o peque\u00f1a, hace la diferencia. \u2764\ufe0f Ayuda a familias \ud83c\udfe5 Apoya programas sociales \ud83d\udcda Financia educaci\u00f3n DONAR AHORA \ud83d\udc99 Tu generosidad nos permite continuar con nuestro trabajo. \u00a1Gracias por tu apoyo!","og_url":"https:\/\/fundacionbethelchane.org\/?page_id=25","og_site_name":"Fundaci\u00f3n Bethel Chane","article_publisher":"https:\/\/www.facebook.com\/profile.php?id=61578095206869","article_modified_time":"2026-01-28T10:02:08+00:00","og_image":[{"url":"https:\/\/fundacionbethelchane.org\/wp-content\/uploads\/2026\/01\/logo-vertical-150.webp","type":"","width":"","height":""}],"twitter_card":"summary_large_image","schema":{"@context":"https:\/\/schema.org","@graph":[{"@type":"WebPage","@id":"https:\/\/fundacionbethelchane.org\/?page_id=25","url":"https:\/\/fundacionbethelchane.org\/?page_id=25","name":"Contactos - Fundaci\u00f3n Bethel Chane","isPartOf":{"@id":"https:\/\/fundacionbethelchane.org\/#website"},"primaryImageOfPage":{"@id":"https:\/\/fundacionbethelchane.org\/?page_id=25#primaryimage"},"image":{"@id":"https:\/\/fundacionbethelchane.org\/?page_id=25#primaryimage"},"thumbnailUrl":"https:\/\/fundacionbethelchane.org\/wp-content\/uploads\/2026\/01\/logo-vertical-150.webp","datePublished":"2025-12-20T15:32:13+00:00","dateModified":"2026-01-28T10:02:08+00:00","breadcrumb":{"@id":"https:\/\/fundacionbethelchane.org\/?page_id=25#breadcrumb"},"inLanguage":"es","potentialAction":[{"@type":"ReadAction","target":["https:\/\/fundacionbethelchane.org\/?page_id=25"]}]},{"@type":"ImageObject","inLanguage":"es","@id":"https:\/\/fundacionbethelchane.org\/?page_id=25#primaryimage","url":"https:\/\/fundacionbethelchane.org\/wp-content\/uploads\/2026\/01\/logo-vertical-150.webp","contentUrl":"https:\/\/fundacionbethelchane.org\/wp-content\/uploads\/2026\/01\/logo-vertical-150.webp","width":150,"height":150},{"@type":"BreadcrumbList","@id":"https:\/\/fundacionbethelchane.org\/?page_id=25#breadcrumb","itemListElement":[{"@type":"ListItem","position":1,"name":"Portada","item":"https:\/\/fundacionbethelchane.org\/"},{"@type":"ListItem","position":2,"name":"Contactos"}]},{"@type":"WebSite","@id":"https:\/\/fundacionbethelchane.org\/#website","url":"https:\/\/fundacionbethelchane.org\/","name":"Fundaci\u00f3n Bethel Chane","description":"Transformando vidas","publisher":{"@id":"https:\/\/fundacionbethelchane.org\/#organization"},"potentialAction":[{"@type":"SearchAction","target":{"@type":"EntryPoint","urlTemplate":"https:\/\/fundacionbethelchane.org\/?s={search_term_string}"},"query-input":{"@type":"PropertyValueSpecification","valueRequired":true,"valueName":"search_term_string"}}],"inLanguage":"es"},{"@type":"Organization","@id":"https:\/\/fundacionbethelchane.org\/#organization","name":"Fundaci\u00f3n Bethel Chane","url":"https:\/\/fundacionbethelchane.org\/","logo":{"@type":"ImageObject","inLanguage":"es","@id":"https:\/\/fundacionbethelchane.org\/#\/schema\/logo\/image\/","url":"https:\/\/fundacionbethelchane.org\/wp-content\/uploads\/2025\/12\/Proyecto-nuevo-30-1.webp","contentUrl":"https:\/\/fundacionbethelchane.org\/wp-content\/uploads\/2025\/12\/Proyecto-nuevo-30-1.webp","width":340,"height":362,"caption":"Fundaci\u00f3n Bethel Chane"},"image":{"@id":"https:\/\/fundacionbethelchane.org\/#\/schema\/logo\/image\/"},"sameAs":["https:\/\/www.facebook.com\/profile.php?id=61578095206869"]}]}},"campaignId":"","_links":{"self":[{"href":"https:\/\/fundacionbethelchane.org\/index.php?rest_route=\/wp\/v2\/pages\/25","targetHints":{"allow":["GET"]}}],"collection":[{"href":"https:\/\/fundacionbethelchane.org\/index.php?rest_route=\/wp\/v2\/pages"}],"about":[{"href":"https:\/\/fundacionbethelchane.org\/index.php?rest_route=\/wp\/v2\/types\/page"}],"author":[{"embeddable":true,"href":"https:\/\/fundacionbethelchane.org\/index.php?rest_route=\/wp\/v2\/users\/1"}],"replies":[{"embeddable":true,"href":"https:\/\/fundacionbethelchane.org\/index.php?rest_route=%2Fwp%2Fv2%2Fcomments&post=25"}],"version-history":[{"count":6,"href":"https:\/\/fundacionbethelchane.org\/index.php?rest_route=\/wp\/v2\/pages\/25\/revisions"}],"predecessor-version":[{"id":115,"href":"https:\/\/fundacionbethelchane.org\/index.php?rest_route=\/wp\/v2\/pages\/25\/revisions\/115"}],"wp:attachment":[{"href":"https:\/\/fundacionbethelchane.org\/index.php?rest_route=%2Fwp%2Fv2%2Fmedia&parent=25"}],"curies":[{"name":"wp","href":"https:\/\/api.w.org\/{rel}","templated":true}]}}